{"id":46064,"date":"2026-02-13T16:02:37","date_gmt":"2026-02-13T15:02:37","guid":{"rendered":"https:\/\/springgreen-pig-802510.hostingersite.com\/?page_id=46064"},"modified":"2026-02-26T18:25:06","modified_gmt":"2026-02-26T17:25:06","slug":"porque-invertir-en-miami","status":"publish","type":"page","link":"https:\/\/auremontandco.com\/ru\/porque-invertir-en-miami\/","title":{"rendered":"Porque invertir en Miami"},"content":{"rendered":"<div data-elementor-type=\"wp-page\" data-elementor-id=\"46064\" class=\"elementor elementor-46064\" data-elementor-post-type=\"page\">\n\t\t\t\t\t\t<section class=\"elementor-section elementor-top-section elementor-element elementor-element-faaa294 elementor-section-height-min-height elementor-section-items-stretch elementor-reverse-mobile elementor-section-boxed elementor-section-height-default elementor-invisible\" data-id=\"faaa294\" data-element_type=\"section\" data-settings=\"{&quot;background_background&quot;:&quot;classic&quot;,&quot;animation&quot;:&quot;fadeIn&quot;}\">\n\t\t\t\t\t\t<div class=\"elementor-container elementor-column-gap-no\">\n\t\t\t\t\t<div class=\"elementor-column elementor-col-50 elementor-top-column elementor-element elementor-element-8192489\" data-id=\"8192489\" data-element_type=\"column\">\n\t\t\t<div class=\"elementor-widget-wrap\">\n\t\t\t\t\t\t\t<\/div>\n\t\t<\/div>\n\t\t\t\t<div class=\"elementor-column elementor-col-50 elementor-top-column elementor-element elementor-element-eb966f4\" data-id=\"eb966f4\" data-element_type=\"column\">\n\t\t\t<div class=\"elementor-widget-wrap\">\n\t\t\t\t\t\t\t<\/div>\n\t\t<\/div>\n\t\t\t\t\t<\/div>\n\t\t<\/section>\n\t\t\t\t<section class=\"elementor-section elementor-top-section elementor-element elementor-element-fc6ccad elementor-section-boxed elementor-section-height-default elementor-section-height-default\" data-id=\"fc6ccad\" data-element_type=\"section\" data-settings=\"{&quot;background_background&quot;:&quot;classic&quot;}\">\n\t\t\t\t\t\t<div class=\"elementor-container elementor-column-gap-default\">\n\t\t\t\t\t<div class=\"elementor-column elementor-col-100 elementor-top-column elementor-element elementor-element-4c4e8e3\" data-id=\"4c4e8e3\" data-element_type=\"column\">\n\t\t\t<div class=\"elementor-widget-wrap elementor-element-populated\">\n\t\t\t\t\t\t<section class=\"elementor-section elementor-inner-section elementor-element elementor-element-c172bf0 elementor-section-boxed elementor-section-height-default elementor-section-height-default\" data-id=\"c172bf0\" data-element_type=\"section\">\n\t\t\t\t\t\t<div class=\"elementor-container elementor-column-gap-default\">\n\t\t\t\t\t<div class=\"elementor-column elementor-col-100 elementor-inner-column elementor-element elementor-element-ca75e42\" data-id=\"ca75e42\" data-element_type=\"column\">\n\t\t\t<div class=\"elementor-widget-wrap elementor-element-populated\">\n\t\t\t\t\t\t<div class=\"elementor-element elementor-element-bfb37fc animated-slow elementor-invisible elementor-widget elementor-widget-heading\" data-id=\"bfb37fc\" data-element_type=\"widget\" data-settings=\"{&quot;_animation&quot;:&quot;fadeIn&quot;}\" data-widget_type=\"heading.default\">\n\t\t\t\t<div class=\"elementor-widget-container\">\n\t\t\t\t\t<h1 class=\"elementor-heading-title elementor-size-default\">Auremont Miami Selection<\/h1>\t\t\t\t<\/div>\n\t\t\t\t<\/div>\n\t\t\t\t<div class=\"elementor-element elementor-element-f5c0664 elementor-widget elementor-widget-html\" data-id=\"f5c0664\" data-element_type=\"widget\" data-widget_type=\"html.default\">\n\t\t\t\t<div class=\"elementor-widget-container\">\n\t\t\t\t\t<section id=\"por-que-invertir-miami\" class=\"auremont-section auremont-section--miami\" aria-labelledby=\"miami-title\">\r\n  <div class=\"auremont-container\">\r\n    <header class=\"auremont-header\">\r\n      <h2 id=\"miami-title\" class=\"auremont-title\" style=\"font-weight: 400;\">\r\n        Inversi\u00f3n en obra nueva de lujo en Miami\r\n      <\/h2>\r\n\r\n      <p class=\"auremont-lead\">\r\n        Miami es uno de los mercados <strong>\u043f\u0440\u0430\u0439\u043c<\/strong> m\u00e1s demandados por inversores internacionales.\r\n        En el segmento lujo, la oportunidad se apoya en tres pilares: <strong>escasez<\/strong>,\r\n        <strong>\u043c\u0435\u0441\u0442\u043e\u043f\u043e\u043b\u043e\u0436\u0435\u043d\u0438\u0435<\/strong> y <strong>calidad del producto<\/strong>.\r\n      <\/p>\r\n    <\/header>\r\n\r\n    <div class=\"auremont-content\">\r\n      <section class=\"auremont-block\" aria-labelledby=\"miami-why\">\r\n        <h3 id=\"miami-why\" class=\"auremont-subtitle\" style=\"font-weight: 400;\">\r\n          Por qu\u00e9 obra nueva o en construcci\u00f3n\r\n        <\/h3>\r\n        <ul class=\"auremont-list\">\r\n          <li>Acceso a unidades premium antes que el mercado: mejores vistas, alturas, layouts y ubicaciones dentro del edificio.<\/li>\r\n          <li>Revalorizaci\u00f3n por fases (pre-construction): el precio suele subir conforme avanza la obra y se agota el inventario.<\/li>\r\n          <li>Producto turnkey y de alta demanda: dise\u00f1o actual, tecnolog\u00eda, servicios, seguridad y amenities que el cliente HNWI exige, facilitando alquiler y reventa.<\/li>\r\n          <li>Menos mantenimiento y m\u00e1s previsibilidad: al ser nuevo, reduce sorpresas y costes inesperados en los primeros a\u00f1os.<\/li>\r\n        <\/ul>\r\n      <\/section>\r\n\r\n      <section class=\"auremont-block\" aria-labelledby=\"miami-roi\">\r\n        <h3 id=\"miami-roi\" class=\"auremont-subtitle\" style=\"font-weight: 400;\">\r\n          De d\u00f3nde viene el retorno\r\n        <\/h3>\r\n        <ul class=\"auremont-list\">\r\n          <li>Preservaci\u00f3n de capital en un activo real prime.<\/li>\r\n          <li>Plusval\u00eda por escasez y demanda internacional.<\/li>\r\n          <li>Renta (cuando aplica) como complemento, seg\u00fan normas del edificio y estrategia del inversor.<\/li>\r\n        <\/ul>\r\n      <\/section>\r\n\r\n      <section class=\"auremont-block\" aria-labelledby=\"miami-approach\">\r\n        <h3 id=\"miami-approach\" class=\"auremont-subtitle\" style=\"font-weight: 400;\">\r\n          \u041d\u0430\u0448 \u043f\u043e\u0434\u0445\u043e\u0434 (\u041e\u0440\u0435\u043c\u043e\u043d)\r\n        <\/h3>\r\n        <p class=\"auremont-text\">\r\n          No trabajamos por volumen. Trabajamos por selecci\u00f3n: elegimos activos con ubicaci\u00f3n prime real,\r\n          vistas defendibles y alta liquidez, analizamos costes totales (HOA, impuestos, seguros, gesti\u00f3n)\r\n          y definimos una estrategia de salida clara (hold, reventa, alquiler o combinaci\u00f3n).\r\n        <\/p>\r\n      <\/section>\r\n\r\n      <section class=\"auremont-cta\" aria-labelledby=\"miami-cta\">\r\n        <h3 id=\"miami-cta\" class=\"auremont-subtitle\" style=\"font-weight: 400;\">\r\n          Auremont Miami Selection\r\n        <\/h3>\r\n        <p class=\"auremont-text\">\r\n          Solicita una selecci\u00f3n confidencial de oportunidades en obra nueva y pre-construction, adaptada a tu perfil inversor.\r\n        <\/p>\r\n\r\n        <!-- Sustituye el href por tu URL de contacto\/formulario -->\r\n        <a class=\"auremont-button\" href=\"#contacto\" role=\"button\" aria-label=\"Solicitar selecci\u00f3n confidencial en Miami\">\r\n        <\/a>\r\n      <\/section>\r\n      <footer class=\"auremont-footnote\" aria-label=\"\u042e\u0440\u0438\u0434\u0438\u0447\u0435\u0441\u043a\u0430\u044f \u0441\u043f\u0440\u0430\u0432\u043a\u0430\">\r\n        <p class=\"auremont-note\">\r\n          <strong>\u041f\u0440\u0438\u043c\u0435\u0447\u0430\u043d\u0438\u0435:<\/strong> \u0414\u0430\u043d\u043d\u044b\u0439 \u0442\u0435\u043a\u0441\u0442 \u043d\u043e\u0441\u0438\u0442 \u0438\u0441\u043a\u043b\u044e\u0447\u0438\u0442\u0435\u043b\u044c\u043d\u043e \u0438\u043d\u0444\u043e\u0440\u043c\u0430\u0446\u0438\u043e\u043d\u043d\u044b\u0439 \u0445\u0430\u0440\u0430\u043a\u0442\u0435\u0440 \u0438 \u043d\u0435 \u044f\u0432\u043b\u044f\u0435\u0442\u0441\u044f \u044e\u0440\u0438\u0434\u0438\u0447\u0435\u0441\u043a\u043e\u0439, \u043d\u0430\u043b\u043e\u0433\u043e\u0432\u043e\u0439 \u0438\u043b\u0438 \u0444\u0438\u043d\u0430\u043d\u0441\u043e\u0432\u043e\u0439 \u043a\u043e\u043d\u0441\u0443\u043b\u044c\u0442\u0430\u0446\u0438\u0435\u0439.\r\n        <\/p>\r\n    <\/div>\r\n  <\/div>\r\n<\/section>\r\n\t\t\t\t<\/div>\n\t\t\t\t<\/div>\n\t\t\t\t<div class=\"elementor-element elementor-element-5068b8a elementor-widget elementor-widget-heading\" data-id=\"5068b8a\" data-element_type=\"widget\" data-widget_type=\"heading.default\">\n\t\t\t\t<div class=\"elementor-widget-container\">\n\t\t\t\t\t<h2 class=\"elementor-heading-title elementor-size-default\">\u0418\u043d\u0444\u043e\u0440\u043c\u0430\u0446\u0438\u044f<\/h2>\t\t\t\t<\/div>\n\t\t\t\t<\/div>\n\t\t\t\t<div class=\"elementor-element elementor-element-284443e animated-slow elementor-icon-list--layout-traditional elementor-list-item-link-full_width elementor-invisible elementor-widget elementor-widget-icon-list\" data-id=\"284443e\" data-element_type=\"widget\" data-settings=\"{&quot;_animation&quot;:&quot;fadeIn&quot;}\" data-widget_type=\"icon-list.default\">\n\t\t\t\t<div class=\"elementor-widget-container\">\n\t\t\t\t\t\t\t<ul class=\"elementor-icon-list-items\">\n\t\t\t\t\t\t\t<li class=\"elementor-icon-list-item\">\n\t\t\t\t\t\t\t\t\t\t\t<a href=\"tel:+34%20600887755\">\n\n\t\t\t\t\t\t\t\t\t\t\t\t<span class=\"elementor-icon-list-icon\">\n\t\t\t\t\t\t\t<svg aria-hidden=\"true\" class=\"e-font-icon-svg e-far-circle\" viewbox=\"0 0 512 512\" xmlns=\"http:\/\/www.w3.org\/2000\/svg\"><path d=\"M256 8C119 8 8 119 8 256s111 248 248 248 248-111 248-248S393 8 256 8zm0 448c-110.5 0-200-89.5-200-200S145.5 56 256 56s200 89.5 200 200-89.5 200-200 200z\"><\/path><\/svg>\t\t\t\t\t\t<\/span>\n\t\t\t\t\t\t\t\t\t\t<span class=\"elementor-icon-list-text\"><strong>\u0422\u0435\u043b\u0435\u0444\u043e\u043d:<\/strong> +34 600887755<\/span>\n\t\t\t\t\t\t\t\t\t\t\t<\/a>\n\t\t\t\t\t\t\t\t\t<\/li>\n\t\t\t\t\t\t\t\t<li class=\"elementor-icon-list-item\">\n\t\t\t\t\t\t\t\t\t\t\t<a href=\"https:\/\/www.google.es\/maps\/place\/The+Bay+Gate+Tower\/@25.1888599,55.2602119,17z\/data=!3m1!4b1!4m6!3m5!1s0x3e5f696c4b7a173f:0xf48dd02ab8c44ffd!8m2!3d25.1888551!4d55.2627868!16s%2Fg%2F11fnxtpb3c?hl=es&#038;entry=ttu&#038;g_ep=EgoyMDI1MDcxMy4wIKXMDSoASAFQAw%3D%3D\">\n\n\t\t\t\t\t\t\t\t\t\t\t\t<span class=\"elementor-icon-list-icon\">\n\t\t\t\t\t\t\t<svg aria-hidden=\"true\" class=\"e-font-icon-svg e-far-circle\" viewbox=\"0 0 512 512\" xmlns=\"http:\/\/www.w3.org\/2000\/svg\"><path d=\"M256 8C119 8 8 119 8 256s111 248 248 248 248-111 248-248S393 8 256 8zm0 448c-110.5 0-200-89.5-200-200S145.5 56 256 56s200 89.5 200 200-89.5 200-200 200z\"><\/path><\/svg>\t\t\t\t\t\t<\/span>\n\t\t\t\t\t\t\t\t\t\t<span class=\"elementor-icon-list-text\"><strong>\u0410\u0434\u0440\u0435\u0441:<\/strong> \u0418\u0431\u0438\u0446\u0430<\/span>\n\t\t\t\t\t\t\t\t\t\t\t<\/a>\n\t\t\t\t\t\t\t\t\t<\/li>\n\t\t\t\t\t\t\t\t<li class=\"elementor-icon-list-item\">\n\t\t\t\t\t\t\t\t\t\t\t<span class=\"elementor-icon-list-icon\">\n\t\t\t\t\t\t\t<svg aria-hidden=\"true\" class=\"e-font-icon-svg e-far-circle\" viewbox=\"0 0 512 512\" xmlns=\"http:\/\/www.w3.org\/2000\/svg\"><path d=\"M256 8C119 8 8 119 8 256s111 248 248 248 248-111 248-248S393 8 256 8zm0 448c-110.5 0-200-89.5-200-200S145.5 56 256 56s200 89.5 200 200-89.5 200-200 200z\"><\/path><\/svg>\t\t\t\t\t\t<\/span>\n\t\t\t\t\t\t\t\t\t\t<span class=\"elementor-icon-list-text\"><strong>\u0410\u0434\u0440\u0435\u0441:<\/strong> info@auremontandco.com<\/span>\n\t\t\t\t\t\t\t\t\t<\/li>\n\t\t\t\t\t\t<\/ul>\n\t\t\t\t\t\t<\/div>\n\t\t\t\t<\/div>\n\t\t\t\t\t<\/div>\n\t\t<\/div>\n\t\t\t\t\t<\/div>\n\t\t<\/section>\n\t\t\t\t\t<\/div>\n\t\t<\/div>\n\t\t\t\t\t<\/div>\n\t\t<\/section>\n\t\t\t\t<section class=\"elementor-section elementor-top-section elementor-element elementor-element-e236c7b elementor-section-boxed elementor-section-height-default elementor-section-height-default elementor-invisible\" data-id=\"e236c7b\" data-element_type=\"section\" data-settings=\"{&quot;background_background&quot;:&quot;classic&quot;,&quot;animation&quot;:&quot;fadeIn&quot;}\">\n\t\t\t\t\t\t<div class=\"elementor-container elementor-column-gap-default\">\n\t\t\t\t\t<div class=\"elementor-column elementor-col-100 elementor-top-column elementor-element elementor-element-b7e53fa\" data-id=\"b7e53fa\" data-element_type=\"column\">\n\t\t\t<div class=\"elementor-widget-wrap elementor-element-populated\">\n\t\t\t\t\t\t<div class=\"elementor-element elementor-element-2f239ac elementor-widget elementor-widget-spacer\" data-id=\"2f239ac\" data-element_type=\"widget\" data-widget_type=\"spacer.default\">\n\t\t\t\t<div class=\"elementor-widget-container\">\n\t\t\t\t\t\t\t<div class=\"elementor-spacer\">\n\t\t\t<div class=\"elementor-spacer-inner\"><\/div>\n\t\t<\/div>\n\t\t\t\t\t\t<\/div>\n\t\t\t\t<\/div>\n\t\t\t\t<section class=\"elementor-section elementor-inner-section elementor-element elementor-element-0f699f1 elementor-section-full_width elementor-section-height-default elementor-section-height-default\" data-id=\"0f699f1\" data-element_type=\"section\" data-settings=\"{&quot;background_background&quot;:&quot;classic&quot;}\">\n\t\t\t\t\t\t<div class=\"elementor-container elementor-column-gap-default\">\n\t\t\t\t\t<div class=\"elementor-column elementor-col-100 elementor-inner-column elementor-element elementor-element-6f10baf\" data-id=\"6f10baf\" data-element_type=\"column\">\n\t\t\t<div class=\"elementor-widget-wrap elementor-element-populated\">\n\t\t\t\t\t\t<div class=\"elementor-element elementor-element-844e81b animated-slow elementor-invisible elementor-widget elementor-widget-heading\" data-id=\"844e81b\" data-element_type=\"widget\" data-settings=\"{&quot;_animation&quot;:&quot;fadeIn&quot;}\" data-widget_type=\"heading.default\">\n\t\t\t\t<div class=\"elementor-widget-container\">\n\t\t\t\t\t<h2 class=\"elementor-heading-title elementor-size-default\">\u041f\u043e\u043b\u0443\u0447\u0430\u0439\u0442\u0435 \u043f\u043e\u0441\u043b\u0435\u0434\u043d\u0438\u0435 \u043d\u043e\u0432\u043e\u0441\u0442\u0438<\/h2>\t\t\t\t<\/div>\n\t\t\t\t<\/div>\n\t\t\t\t<div class=\"elementor-element elementor-element-9fc330d elementor-button-align-stretch elementor-widget elementor-widget-houzez_elementor_contact_form\" data-id=\"9fc330d\" data-element_type=\"widget\" data-widget_type=\"houzez_elementor_contact_form.default\">\n\t\t\t\t<div class=\"elementor-widget-container\">\n\t\t\t\t\t\n        <script type=\"application\/javascript\">\n            jQuery(document).bind(\"ready\", function () {\n                houzezValidateElementor(\"#houzez-form-9fc330d\" );\n            });\n        <\/script>\n\n        <form class=\"elementor-form houzez-ele-form-js\" id=\"houzez-form-9fc330d\" method=\"post\" name=\"Nuevo formulario\" action=\"https:\/\/auremontandco.com\/wp-admin\/admin-ajax.php\">\n            <input type=\"hidden\" name=\"form_id\" value=\"9fc330d\"\/>\n            <input type=\"hidden\" name=\"houzez_contact_form\" value=\"yes\"\/>\n            <input type=\"hidden\" name=\"action\" value=\"houzez_ele_contact_form\" \/>\n            <input type=\"hidden\" name=\"source_link\" value=\"https:\/\/auremontandco.com\/ru\/porque-invertir-en-miami\/\" \/>\n            <input type=\"hidden\" name=\"lead_page_id\" value=\"46064\" \/>\n            <input type=\"hidden\" name=\"webhook\" value=\"false\" \/>\n            <input type=\"hidden\" name=\"webhook_url\" value=\"\" \/>\n            <input type=\"hidden\" name=\"redirect_to\" value=\"\" \/>\n            <input type=\"hidden\" name=\"google_recaptcha\" value=\"false\" \/>\n            \n\n            <div class=\"elementor-form-fields-wrapper elementor-labels-above\">\n\n                                    <div class=\"elementor-field-group elementor-column form-group elementor-field-group-name elementor-col-100\">\n                    <label for=\"form-field-name\" class=\"form-label elementor-field-label\">\u0418\u043c\u044f<\/label><input type=\"text\" name=\"name\" id=\"form-field-name\" class=\"elementor-field form-control elementor-size-sm elementor-field-textual\" placeholder=\"\u0418\u043c\u044f\" title=\"* \u0418\u043c\u044f\">                    <\/div>\n\n                                        <div class=\"elementor-field-group elementor-column form-group elementor-field-group-email elementor-col-100 elementor-field-required\">\n                    <label for=\"form-field-email\" class=\"form-label elementor-field-label\">\u0410\u0434\u0440\u0435\u0441 \u044d\u043b\u0435\u043a\u0442\u0440\u043e\u043d\u043d\u043e\u0439 \u043f\u043e\u0447\u0442\u044b<\/label><input type=\"email\" name=\"email\" id=\"form-field-email\" class=\"elementor-field form-control elementor-size-sm elementor-field-textual\" placeholder=\"\u0410\u0434\u0440\u0435\u0441 \u044d\u043b\u0435\u043a\u0442\u0440\u043e\u043d\u043d\u043e\u0439 \u043f\u043e\u0447\u0442\u044b\" title=\"* \u042d\u043b\u0435\u043a\u0442\u0440\u043e\u043d\u043d\u0430\u044f \u043f\u043e\u0447\u0442\u0430\" required=\"required\">                    <\/div>\n\n                                        <div class=\"elementor-field-group elementor-column form-group elementor-field-group-819b3b5 elementor-col-100 elementor-field-required\">\n                    <label for=\"form-field-819b3b5\" class=\"form-label elementor-field-label\">\u0422\u0435\u043b\u0435\u0444\u043e\u043d<\/label><input type=\"email\" name=\"email\" id=\"form-field-819b3b5\" class=\"elementor-field form-control elementor-size-sm elementor-field-textual\" placeholder=\"\u0422\u0435\u043b\u0435\u0444\u043e\u043d\" title=\"* \u0422\u0435\u043b\u0435\u0444\u043e\u043d\" required=\"required\">                    <\/div>\n\n                                        <div class=\"elementor-field-group elementor-column form-group elementor-field-group-message elementor-col-100\">\n                    <label for=\"form-field-message\" class=\"form-label elementor-field-label\">\u0421\u043e\u043e\u0431\u0449\u0435\u043d\u0438\u0435<\/label><textarea class=\"elementor-field-textual elementor-field elementor-size-sm\" name=\"message\" id=\"form-field-message\" rows=\"4\" placeholder=\"\u0421\u043e\u043e\u0431\u0449\u0435\u043d\u0438\u0435\"><\/textarea>                    <\/div>\n\n                    \n                    \n                    \n                    \n                    <div class=\"elementor-field-group elementor-column elementor-field-type-submit elementor-col-100\">\n                    <button type=\"submit\" class=\"houzez-submit-button houzez-contact-form-js elementor-button elementor-size-sm\">\n                        <i class=\"houzez-loader-js houzez-hidden spinner-border spinner-border-sm\"><\/i>\n                                                    \u041e\u0442\u043f\u0440\u0430\u0432\u0438\u0442\u044c                                            <\/button>\n                <\/div>\n            <\/div><!-- End wrapper-->\n            <br\/>\n            <div class=\"ele-form-messages\"><\/div>\n            <div class=\"error-container\"><\/div>\n\n        <\/form>\n\n    \t\t\t\t<\/div>\n\t\t\t\t<\/div>\n\t\t\t\t\t<\/div>\n\t\t<\/div>\n\t\t\t\t\t<\/div>\n\t\t<\/section>\n\t\t\t\t<div class=\"elementor-element elementor-element-e60c5ed elementor-widget elementor-widget-spacer\" data-id=\"e60c5ed\" data-element_type=\"widget\" data-widget_type=\"spacer.default\">\n\t\t\t\t<div class=\"elementor-widget-container\">\n\t\t\t\t\t\t\t<div class=\"elementor-spacer\">\n\t\t\t<div class=\"elementor-spacer-inner\"><\/div>\n\t\t<\/div>\n\t\t\t\t\t\t<\/div>\n\t\t\t\t<\/div>\n\t\t\t\t\t<\/div>\n\t\t<\/div>\n\t\t\t\t\t<\/div>\n\t\t<\/section>\n\t\t\t\t<section class=\"elementor-section elementor-top-section elementor-element elementor-element-3e60422 elementor-reverse-mobile elementor-section-boxed elementor-section-height-default elementor-section-height-default\" data-id=\"3e60422\" data-element_type=\"section\" data-settings=\"{&quot;background_background&quot;:&quot;classic&quot;,&quot;shape_divider_top&quot;:&quot;waves&quot;}\">\n\t\t\t\t\t<div class=\"elementor-shape elementor-shape-top\" aria-hidden=\"true\" data-negative=\"false\">\n\t\t\t<svg xmlns=\"http:\/\/www.w3.org\/2000\/svg\" viewbox=\"0 0 1000 100\" preserveaspectratio=\"none\">\n\t<path class=\"elementor-shape-fill\" d=\"M421.9,6.5c22.6-2.5,51.5,0.4,75.5,5.3c23.6,4.9,70.9,23.5,100.5,35.7c75.8,32.2,133.7,44.5,192.6,49.7\tc23.6,2.1,48.7,3.5,103.4-2.5c54.7-6,106.2-25.6,106.2-25.6V0H0v30.3c0,0,72,32.6,158.4,30.5c39.2-0.7,92.8-6.7,134-22.4\tc21.2-8.1,52.2-18.2,79.7-24.2C399.3,7.9,411.6,7.5,421.9,6.5z\"\/>\n<\/svg>\t\t<\/div>\n\t\t\t\t\t<div class=\"elementor-container elementor-column-gap-no\">\n\t\t\t\t\t<div class=\"elementor-column elementor-col-100 elementor-top-column elementor-element elementor-element-d711de0\" data-id=\"d711de0\" data-element_type=\"column\">\n\t\t\t<div class=\"elementor-widget-wrap elementor-element-populated\">\n\t\t\t\t\t\t<div class=\"elementor-element elementor-element-46f6e83 elementor-widget elementor-widget-spacer\" data-id=\"46f6e83\" data-element_type=\"widget\" data-widget_type=\"spacer.default\">\n\t\t\t\t<div class=\"elementor-widget-container\">\n\t\t\t\t\t\t\t<div class=\"elementor-spacer\">\n\t\t\t<div class=\"elementor-spacer-inner\"><\/div>\n\t\t<\/div>\n\t\t\t\t\t\t<\/div>\n\t\t\t\t<\/div>\n\t\t\t\t\t<\/div>\n\t\t<\/div>\n\t\t\t\t\t<\/div>\n\t\t<\/section>\n\t\t\t\t<\/div>","protected":false},"excerpt":{"rendered":"<p>Auremont Miami Selection Inversi\u00f3n en obra nueva de lujo en Miami Miami es uno de los mercados prime m\u00e1s demandados por inversores internacionales. En el segmento lujo, la oportunidad se apoya en tres pilares: escasez, ubicaci\u00f3n y calidad del producto. Por qu\u00e9 obra nueva o en construcci\u00f3n Acceso a unidades premium antes que el mercado: [&hellip;]<\/p>\n","protected":false},"author":1,"featured_media":0,"parent":0,"menu_order":0,"comment_status":"closed","ping_status":"closed","template":"elementor_header_footer","meta":{"footnotes":""},"class_list":["post-46064","page","type-page","status-publish","hentry"],"_links":{"self":[{"href":"https:\/\/auremontandco.com\/ru\/wp-json\/wp\/v2\/pages\/46064","targetHints":{"allow":["GET"]}}],"collection":[{"href":"https:\/\/auremontandco.com\/ru\/wp-json\/wp\/v2\/pages"}],"about":[{"href":"https:\/\/auremontandco.com\/ru\/wp-json\/wp\/v2\/types\/page"}],"author":[{"embeddable":true,"href":"https:\/\/auremontandco.com\/ru\/wp-json\/wp\/v2\/users\/1"}],"replies":[{"embeddable":true,"href":"https:\/\/auremontandco.com\/ru\/wp-json\/wp\/v2\/comments?post=46064"}],"version-history":[{"count":20,"href":"https:\/\/auremontandco.com\/ru\/wp-json\/wp\/v2\/pages\/46064\/revisions"}],"predecessor-version":[{"id":46167,"href":"https:\/\/auremontandco.com\/ru\/wp-json\/wp\/v2\/pages\/46064\/revisions\/46167"}],"wp:attachment":[{"href":"https:\/\/auremontandco.com\/ru\/wp-json\/wp\/v2\/media?parent=46064"}],"curies":[{"name":"wp","href":"https:\/\/api.w.org\/{rel}","templated":true}]}}